{"id":13148,"date":"2018-10-02T14:14:06","date_gmt":"2018-10-02T14:14:06","guid":{"rendered":"https:\/\/themicart.com\/interico-wpb\/?page_id=13148"},"modified":"2021-02-27T22:04:46","modified_gmt":"2021-02-27T22:04:46","slug":"contact-us-v5-dark","status":"publish","type":"page","link":"http:\/\/www.aderansmimarlik.com\/?page_id=13148","title":{"rendered":"Bize Ula\u015f\u0131n"},"content":{"rendered":"<p>[vc_row full_width=&#8221;stretch_row&#8221; css=&#8221;.vc_custom_1538489680789{padding-bottom: 60px !important;background: #292929 url(https:\/\/themicart.com\/interico-wpb\/wp-content\/uploads\/2018\/10\/vertical-grid-5.png?id=12972) !important;background-position: 0 0 !important;background-repeat: repeat !important;}&#8221; el_class=&#8221;overflow-visible&#8221;][vc_column][vc_row_inner el_class=&#8221;overflow-visible&#8221; css=&#8221;.vc_custom_1536850646312{margin-top: -30px !important;}&#8221;][vc_column_inner width=&#8221;1\/3&#8243;]<a href=\"tel:%20+90%20212%20269%2081%2037\"><div class=\"feature-box icon-top-centered box-hovered spacing-30 spacing-mob-30 dark\"><span class=\"lnr lnr-phone\"><\/span><div class=\"content-wrapper\"><h3 class=\"feature-title\">+90 212 269 81 37<\/h3><p class=\"feature-text\">Hafta \u0130\u00e7i 08:00 - 17:00 saatleri aras\u0131nda bize telefonla ula\u015fabilirsiniz.<\/p><\/div><\/div><\/a>[\/vc_column_inner][vc_column_inner width=&#8221;1\/3&#8243;]<a href=\"mailto:%20info@aderansmimarlik.com\"><div class=\"feature-box icon-top-centered box-hovered spacing-30 spacing-mob-30 dark\"><span class=\"lnr lnr-envelope\"><\/span><div class=\"content-wrapper\"><h3 class=\"feature-title\">info@aderansmimarlik.com<\/h3><p class=\"feature-text\">Diledi\u011finiz zaman yaz\u0131n, maillerimiz genellikle 24 saat i\u00e7erisinde cevaplanmaktad\u0131r.<\/p><\/div><\/div><\/a>[\/vc_column_inner][vc_column_inner width=&#8221;1\/3&#8243;]<a href=\"https:\/\/goo.gl\/maps\/hZ5Wtqdno5SBeJor6\"><div class=\"feature-box icon-top-centered box-hovered spacing-30 spacing-mob-30 dark\"><span class=\"lnr lnr-home\"><\/span><div class=\"content-wrapper\"><h3 class=\"feature-title\">Etiler Mah. Emin Sk. Narin Sitesi Tamer Apt. No:4\/2 Etiler\/Be\u015fikta\u015f \u0130STANBUL<\/h3><p class=\"feature-text\">Ziyaretinizi bekliyoruz.<\/p><\/div><\/div><\/a>[\/vc_column_inner][\/vc_row_inner][\/vc_column][\/vc_row][vc_row full_width=&#8221;stretch_row&#8221; css=&#8221;.vc_custom_1538489710716{padding-top: 80px !important;padding-bottom: 120px !important;background-position: 0 0 !important;background-repeat: repeat !important;}&#8221;][vc_column width=&#8221;1\/2&#8243;][vc_row_inner el_class=&#8221;overlap-left&#8221;][vc_column_inner el_class=&#8221;shadow-box form-dark&#8221;]<span class=\"subtitle dash-false style-dark text-default\">Bize Yaz\u0131n<\/span>[vc_column_text]<\/p>\n<h2><strong><span style=\"color: #7d6741;\">Yeni fikirlere ihtiyac\u0131n\u0131z varsa\u00a0<\/span>size yard\u0131mc\u0131 olmaktan mutluluk duyar\u0131z.<\/strong><\/h2>\n<p>[\/vc_column_text]<div class=\"dash style-dark default\"><\/div><div role=\"form\" class=\"wpcf7\" id=\"wpcf7-f6793-o1\" lang=\"en-US\" dir=\"ltr\">\n<div class=\"screen-reader-response\"><p role=\"status\" aria-live=\"polite\" aria-atomic=\"true\"><\/p> <ul><\/ul><\/div>\n<form action=\"\/index.php?rest_route=%2Fwp%2Fv2%2Fpages%2F13148#wpcf7-f6793-o1\" method=\"post\" class=\"wpcf7-form init\" novalidate=\"novalidate\" data-status=\"init\">\n<div style=\"display: none;\">\n<input type=\"hidden\" name=\"_wpcf7\" value=\"6793\" \/>\n<input type=\"hidden\" name=\"_wpcf7_version\" value=\"5.5.6.1\" \/>\n<input type=\"hidden\" name=\"_wpcf7_locale\" value=\"en_US\" \/>\n<input type=\"hidden\" name=\"_wpcf7_unit_tag\" value=\"wpcf7-f6793-o1\" \/>\n<input type=\"hidden\" name=\"_wpcf7_container_post\" value=\"0\" \/>\n<input type=\"hidden\" name=\"_wpcf7_posted_data_hash\" value=\"\" \/>\n<\/div>\n<p><span class=\"wpcf7-form-control-wrap your-name\"><input type=\"text\" name=\"your-name\" value=\"\" size=\"40\" class=\"wpcf7-form-control wpcf7-text wpcf7-validates-as-required\" aria-required=\"true\" aria-invalid=\"false\" placeholder=\"Ad\u0131n\u0131z Soyad\u0131n\u0131z\" \/><\/span><\/p>\n<p>    <span class=\"wpcf7-form-control-wrap your-email\"><input type=\"email\" name=\"your-email\" value=\"\" size=\"40\" class=\"wpcf7-form-control wpcf7-text wpcf7-email wpcf7-validates-as-required wpcf7-validates-as-email\" aria-required=\"true\" aria-invalid=\"false\" placeholder=\"E-posta Adresiniz\" \/><\/span><\/p>\n<p>    <span class=\"wpcf7-form-control-wrap your-subject\"><input type=\"text\" name=\"your-subject\" value=\"\" size=\"40\" class=\"wpcf7-form-control wpcf7-text wpcf7-validates-as-required\" aria-required=\"true\" aria-invalid=\"false\" placeholder=\"Konu\" \/><\/span><\/p>\n<p>    <span class=\"wpcf7-form-control-wrap your-message\"><textarea name=\"your-message\" cols=\"5\" rows=\"1\" class=\"wpcf7-form-control wpcf7-textarea wpcf7-validates-as-required\" aria-required=\"true\" aria-invalid=\"false\" placeholder=\"Mesaj\u0131n\u0131z...\"><\/textarea><\/span><\/p>\n<p><input type=\"submit\" value=\"G\u00f6nder\" class=\"wpcf7-form-control has-spinner wpcf7-submit\" \/><\/p>\n<div class=\"wpcf7-response-output\" aria-hidden=\"true\"><\/div><\/form><\/div>[\/vc_column_inner][\/vc_row_inner][\/vc_column][vc_column width=&#8221;1\/2&#8243;][vc_gmaps link=&#8221;#E-8_JTNDaWZyYW1lJTIwc3JjJTNEJTIyaHR0cHMlM0ElMkYlMkZ3d3cuZ29vZ2xlLmNvbSUyRm1hcHMlMkZlbWJlZCUzRnBiJTNEJTIxMW0xOCUyMTFtMTIlMjExbTMlMjExZDMwMDcuMDY2NDYxNjUxNjExNSUyMTJkMjkuMDMxNTMzNDE1MDg2MTc3JTIxM2Q0MS4wODkzOTQ0NzkyOTI1OTQlMjEybTMlMjExZjAlMjEyZjAlMjEzZjAlMjEzbTIlMjExaTEwMjQlMjEyaTc2OCUyMTRmMTMuMSUyMTNtMyUyMTFtMiUyMTFzMHgxNGNhYjdhODgyYjUxZjM5JTI1M0EweGFiY2ZjOGYyNDA4N2QyNWQlMjEyc0FkZXJhbnMlMjUyME1pbWFybCUyNUM0JTI1QjFrJTIxNWUwJTIxM20yJTIxMXNlbiUyMTJzdHIlMjE0djE1OTg4NjIxNzU1MDElMjE1bTIlMjExc2VuJTIxMnN0ciUyMiUyMHdpZHRoJTNEJTIyNjAwJTIyJTIwaGVpZ2h0JTNEJTIyNDUwJTIyJTIwZnJhbWVib3JkZXIlM0QlMjIwJTIyJTIwc3R5bGUlM0QlMjJib3JkZXIlM0EwJTNCJTIyJTIwYWxsb3dmdWxsc2NyZWVuJTNEJTIyJTIyJTIwYXJpYS1oaWRkZW4lM0QlMjJmYWxzZSUyMiUyMHRhYmluZGV4JTNEJTIyMCUyMiUzRSUzQyUyRmlmcmFtZSUzRQ==&#8221;][\/vc_column][\/vc_row]<\/p>\n","protected":false},"excerpt":{"rendered":"<p>[vc_row full_width=&#8221;stretch_row&#8221; css=&#8221;.vc_custom_1538489680789{padding-bottom: 60px !important;background: #292929 url(https:\/\/themicart.com\/interico-wpb\/wp-content\/uploads\/2018\/10\/vertical-grid-5.png?id=12972) !important;background-position: 0 0 !important;background-repeat: repeat !important;}&#8221; el_class=&#8221;overflow-visible&#8221;][vc_column][vc_row_inner el_class=&#8221;overflow-visible&#8221; css=&#8221;.vc_custom_1536850646312{margin-top: -30px !important;}&#8221;][vc_column_inner width=&#8221;1\/3&#8243;][\/vc_column_inner][vc_column_inner width=&#8221;1\/3&#8243;][\/vc_column_inner][vc_column_inner width=&#8221;1\/3&#8243;][\/vc_column_inner][\/vc_row_inner][\/vc_column][\/vc_row][vc_row full_width=&#8221;stretch_row&#8221; css=&#8221;.vc_custom_1538489710716{padding-top: 80px !important;padding-bottom: 120px !important;background-position: 0 0 !important;background-repeat: repeat !important;}&#8221;][vc_column width=&#8221;1\/2&#8243;][vc_row_inner el_class=&#8221;overlap-left&#8221;][vc_column_inner el_class=&#8221;shadow-box form-dark&#8221;][vc_column_text] Yeni fikirlere ihtiyac\u0131n\u0131z varsa\u00a0size yard\u0131mc\u0131 olmaktan mutluluk duyar\u0131z. [\/vc_column_text][\/vc_column_inner][\/vc_row_inner][\/vc_column][vc_column width=&#8221;1\/2&#8243;][vc_gmaps link=&#8221;#E-8_JTNDaWZyYW1lJTIwc3JjJTNEJTIyaHR0cHMlM0ElMkYlMkZ3d3cuZ29vZ2xlLmNvbSUyRm1hcHMlMkZlbWJlZCUzRnBiJTNEJTIxMW0xOCUyMTFtMTIlMjExbTMlMjExZDMwMDcuMDY2NDYxNjUxNjExNSUyMTJkMjkuMDMxNTMzNDE1MDg2MTc3JTIxM2Q0MS4wODkzOTQ0NzkyOTI1OTQlMjEybTMlMjExZjAlMjEyZjAlMjEzZjAlMjEzbTIlMjExaTEwMjQlMjEyaTc2OCUyMTRmMTMuMSUyMTNtMyUyMTFtMiUyMTFzMHgxNGNhYjdhODgyYjUxZjM5JTI1M0EweGFiY2ZjOGYyNDA4N2QyNWQlMjEyc0FkZXJhbnMlMjUyME1pbWFybCUyNUM0JTI1QjFrJTIxNWUwJTIxM20yJTIxMXNlbiUyMTJzdHIlMjE0djE1OTg4NjIxNzU1MDElMjE1bTIlMjExc2VuJTIxMnN0ciUyMiUyMHdpZHRoJTNEJTIyNjAwJTIyJTIwaGVpZ2h0JTNEJTIyNDUwJTIyJTIwZnJhbWVib3JkZXIlM0QlMjIwJTIyJTIwc3R5bGUlM0QlMjJib3JkZXIlM0EwJTNCJTIyJTIwYWxsb3dmdWxsc2NyZWVuJTNEJTIyJTIyJTIwYXJpYS1oaWRkZW4lM0QlMjJmYWxzZSUyMiUyMHRhYmluZGV4JTNEJTIyMCUyMiUzRSUzQyUyRmlmcmFtZSUzRQ==&#8221;][\/vc_column][\/vc_row]<\/p>\n","protected":false},"author":1,"featured_media":0,"parent":0,"menu_order":0,"comment_status":"closed","ping_status":"closed","template":"","meta":[],"_links":{"self":[{"href":"http:\/\/www.aderansmimarlik.com\/index.php?rest_route=\/wp\/v2\/pages\/13148"}],"collection":[{"href":"http:\/\/www.aderansmimarlik.com\/index.php?rest_route=\/wp\/v2\/pages"}],"about":[{"href":"http:\/\/www.aderansmimarlik.com\/index.php?rest_route=\/wp\/v2\/types\/page"}],"author":[{"embeddable":true,"href":"http:\/\/www.aderansmimarlik.com\/index.php?rest_route=\/wp\/v2\/users\/1"}],"replies":[{"embeddable":true,"href":"http:\/\/www.aderansmimarlik.com\/index.php?rest_route=%2Fwp%2Fv2%2Fcomments&post=13148"}],"version-history":[{"count":10,"href":"http:\/\/www.aderansmimarlik.com\/index.php?rest_route=\/wp\/v2\/pages\/13148\/revisions"}],"predecessor-version":[{"id":13804,"href":"http:\/\/www.aderansmimarlik.com\/index.php?rest_route=\/wp\/v2\/pages\/13148\/revisions\/13804"}],"wp:attachment":[{"href":"http:\/\/www.aderansmimarlik.com\/index.php?rest_route=%2Fwp%2Fv2%2Fmedia&parent=13148"}],"curies":[{"name":"wp","href":"https:\/\/api.w.org\/{rel}","templated":true}]}}