{"id":13102,"date":"2018-10-02T13:07:03","date_gmt":"2018-10-02T13:07:03","guid":{"rendered":"https:\/\/themicart.com\/interico-wpb\/?page_id=13102"},"modified":"2021-02-27T22:37:09","modified_gmt":"2021-02-27T22:37:09","slug":"about-us-dark","status":"publish","type":"page","link":"http:\/\/www.aderansmimarlik.com\/?page_id=13102","title":{"rendered":"Hakk\u0131m\u0131zda"},"content":{"rendered":"<p>[vc_row gap=&#8221;15&#8243; css=&#8221;.vc_custom_1536842181479{margin-bottom: 80px !important;}&#8221;][vc_column width=&#8221;1\/3&#8243;][vc_column_text]<\/p>\n<h2>Yapabilecekleriniz hayallerinizle s\u0131n\u0131rl\u0131.<\/h2>\n<p>[\/vc_column_text]<div class=\"dash style-dark default\"><\/div>[\/vc_column][vc_column width=&#8221;1\/3&#8243;][vc_column_text]2011 y\u0131l\u0131nda \u00d6mer Saltuk TOKSOY ve Alper AKCAN\u00a0taraf\u0131ndan kurulan Aderans Mimarl\u0131k,\u00a0in\u015faat, tasar\u0131m ve uygulama alanlar\u0131nda tecr\u00fcbemizi birle\u015ftirerek ortaya \u00e7\u0131kard\u0131\u011f\u0131m\u0131z bir isimdir.<\/p>\n<p>Marka kavram\u0131n\u0131 ve tasar\u0131mlar\u0131nda marka yaratmay\u0131 hedefleyen; m\u00fc\u015fterilerinin vizyonunu benimseyip en uykun yarat\u0131c\u0131 \u00e7\u00f6z\u00fcmleriyle sunum yapan dinamik\u00a0 bir ekipten olu\u015fmaktad\u0131r.<\/p>\n<p>[\/vc_column_text][\/vc_column][vc_column width=&#8221;1\/3&#8243;][vc_column_text]Aderans Mimarl\u0131k i\u00e7in \u00f6nemli olan m\u00fc\u015fteri vizyonuna hitap eden en do\u011fru, en yal\u0131n \u00e7\u00f6z\u00fcme en k\u0131sa s\u00fcrede ula\u015fmakt\u0131r. \u00c7\u00f6z\u00fcm ortaklar\u0131m\u0131z ve ekip arkada\u015flar\u0131m\u0131z bu ba\u011flamda en iyi sonu\u00e7 ve m\u00fc\u015fteri memnuniyeti i\u00e7in \u00e7al\u0131\u015fmaktad\u0131rlar.<\/p>\n<p>Ekibimiz ve \u00e7\u00f6z\u00fcm ortaklar\u0131m\u0131zla birlikte, firmam\u0131z\u0131 tasar\u0131m, proje ve uygulama alan\u0131n\u0131n zirvesine ta\u015f\u0131mak en \u00f6nemli hedefimizdir.[\/vc_column_text][\/vc_column][\/vc_row][vc_row content_placement=&#8221;middle&#8221; css=&#8221;.vc_custom_1534856978934{margin-top: 120px !important;}&#8221;][vc_column width=&#8221;1\/2&#8243;][vc_row_inner el_class=&#8221;overlap-right&#8221;][vc_column_inner el_class=&#8221;shadow-box&#8221;]<span class=\"subtitle dash-false style-dark text-default\">Aderans Mimarl\u0131k<\/span>[vc_column_text]<\/p>\n<h2>Etiler&#8217;de ziyaretinizi bekliyoruz.<\/h2>\n<p>[\/vc_column_text]<div class=\"dash style-dark default\"><\/div>[vc_column_text]Lorem ipsum dolor sit amet, consectetuer adipiscing elit. Phasellus hendrerit. Pellentesque aliquet nibh nec urna. In nisi neque, aliquet vel, dapibus id, mattis vel, nisi. Sed pretium, ligula sollicitudin laoreet viverra, tortor libero sodales leo, eget blandit nunc tortor eu nibh. Nullam mollis. Ut justo. Suspendisse potenti.<\/p>\n<p>Lorem ipsum dolor sit amet, consectetuer adipiscing elit. Phasellus hendrerit. Pellentesque aliquet nibh nec urna. In nisi neque, aliquet vel, dapibus id, mattis vel, nisi. Sed pretium, ligula sollicitudin laoreet viverra, tortor libero sodales leo, eget blandit nunc tortor eu nibh. Nullam mollis. Ut justo. Suspendisse potenti.[\/vc_column_text][\/vc_column_inner][\/vc_row_inner][\/vc_column][vc_column width=&#8221;1\/2&#8243;][vc_single_image image=&#8221;13488&#8243; add_caption=&#8221;yes&#8221; onclick=&#8221;img_link_large&#8221;][\/vc_column][\/vc_row][vc_row css=&#8221;.vc_custom_1537429589105{margin-top: 120px !important;margin-bottom: 80px !important;}&#8221;][vc_column width=&#8221;1\/2&#8243;][vc_single_image image=&#8221;13499&#8243; add_caption=&#8221;yes&#8221; onclick=&#8221;img_link_large&#8221;][\/vc_column][vc_column width=&#8221;1\/2&#8243;][vc_row_inner el_class=&#8221;overlap-left&#8221;][vc_column_inner el_class=&#8221;shadow-box&#8221;]<span class=\"subtitle dash-false style-dark text-default\">Hakk\u0131m\u0131zda<\/span>[vc_column_text]<\/p>\n<h2>Felsefemiz<\/h2>\n<p>[\/vc_column_text]<div class=\"dash style-dark default\"><\/div>[vc_column_text]Aderans Mimarl\u0131k olarak 2011 y\u0131l\u0131ndan g\u00fcn\u00fcm\u00fcze her ad\u0131mda daha iyiye, trendleri yak\u0131ndan takip ederek ve yenilerini olu\u015fturarak onlarca farkl\u0131 projeye imzam\u0131z\u0131 at\u0131yoruz.[\/vc_column_text][vc_column_text]<ul class=\"nav nav-tabs style-accent dark\" id=\"custom-tabs-36\"><li class=\"active\"><a href=\"#custom-tab-0-Misyon\"  data-toggle=\"tab\">Misyon<\/a><\/li><li><a href=\"#custom-tab-0-Vizyon\"  data-toggle=\"tab\">Vizyon<\/a><\/li><li><a href=\"#custom-tab-0-Degerler\"  data-toggle=\"tab\">De\u011ferler<\/a><\/li><\/ul><div class=\"tab-content style-accent\"><div id=\"custom-tab-0-Misyon\" class=\"tab-pane animated fadeIn active\">The research phase is very important. We do our best to plan every possible outcome, which would affect the budget and time of finishing the project:\n<ul>\n<li>Based on your exact needs, get only what your project requires.<\/li>\n<li>Cost effective, to secure uninteruptable construction process.<\/li>\n<li>We always get the best people in the field to work on specific areas.<\/li>\n<\/ul>\n<p><\/p><\/div><div id=\"custom-tab-0-Vizyon\" class=\"tab-pane animated fadeIn \">We do our best to plan every possible outcome, which would affect the budget and time of finishing the project:\n<ul>\n<li>Based on your exact needs, get only what your project requires.<\/li>\n<li>Cost effective, to secure uninteruptable construction process.<\/li>\n<li>We always get the best people in the field to work on specific areas.<\/li>\n<\/ul>\n<p><\/p><\/div><div id=\"custom-tab-0-Degerler\" class=\"tab-pane animated fadeIn \">The research phase is very important.\n<ul>\n<li>Based on your exact needs, get only what your project requires.<\/li>\n<li>Cost effective, to secure uninteruptable construction process.<\/li>\n<li>We always get the best people in the field to work on specific areas.<\/li>\n<\/ul>\n<p><\/p><\/div><\/div>[\/vc_column_text][\/vc_column_inner][\/vc_row_inner][\/vc_column][\/vc_row][vc_row full_width=&#8221;stretch_row&#8221; css=&#8221;.vc_custom_1538485689284{background: #292929 url(https:\/\/themicart.com\/interico-wpb\/wp-content\/uploads\/2018\/10\/vertical-grid-5.png?id=12972) !important;background-position: 0 0 !important;background-repeat: repeat !important;}&#8221; el_class=&#8221;spaced&#8221;][vc_column width=&#8221;1\/3&#8243;][vc_column_text]<\/p>\n<h2>Ba\u015far\u0131lar\u0131m\u0131z<\/h2>\n<p>[\/vc_column_text]<span class=\"subtitle dash-true style-dark text-default\">Aderans Mimarl\u0131k<\/span>[\/vc_column][vc_column width=&#8221;2\/3&#8243;][vc_row_inner][vc_column_inner width=&#8221;1\/2&#8243;]<div class=\"number-box style-default dark spacing-30\"><div class=\"number-box-number\">128<\/div><div class=\"content-box\"><div class=\"content-box-info\"><h3>Tamamlanan Projeler<\/h3><\/div><\/div><\/div>[\/vc_column_inner][vc_column_inner width=&#8221;1\/2&#8243;]<div class=\"number-box style-default dark spacing-0\"><div class=\"number-box-number\">42<\/div><div class=\"content-box\"><div class=\"content-box-info\"><h3>Farkl\u0131 M\u00fc\u015fteri<\/h3><\/div><\/div><\/div>[\/vc_column_inner][\/vc_row_inner][vc_row_inner gap=&#8221;15&#8243;][vc_column_inner width=&#8221;1\/2&#8243;]<div class=\"number-box style-default dark spacing-30\"><div class=\"number-box-number\">10<\/div><div class=\"content-box\"><div class=\"content-box-info\"><h3>Y\u0131ll\u0131k Deneyim<\/h3><\/div><\/div><\/div>[\/vc_column_inner][vc_column_inner width=&#8221;1\/2&#8243;]<div class=\"number-box style-default dark spacing-0\"><div class=\"number-box-number\">14,2k<\/div><div class=\"content-box\"><div class=\"content-box-info\"><h3>Yenilenen Metrekare<\/h3><\/div><\/div><\/div>[\/vc_column_inner][\/vc_row_inner][\/vc_column][\/vc_row][vc_row el_class=&#8221;spaced-top&#8221;][vc_column][vc_column_text]<\/p>\n<h2 style=\"text-align: center;\"><strong>Hizmetlerimiz Hakk\u0131nda Daha Fazla Bilgi<\/strong><\/h2>\n<p>[\/vc_column_text]<span class=\"subtitle dash-false style-dark text-center\">\u0130htiyac\u0131n\u0131za Uygun \u00c7\u00f6z\u00fcm \u00d6nerileri ile<\/span>[\/vc_column][\/vc_row][vc_row css=&#8221;.vc_custom_1537429645867{margin-top: 60px !important;}&#8221;][vc_column width=&#8221;1\/4&#8243;]<div class=\"content-box service-item alignment-centered service-box-dark spacing-30\"><a href=\"http:\/\/www.aderansmimarlik.com\/?page_id=9246\"><div class=\"image-container\"><div class=\"vertical-number-box\"><span class=\"vertical-number\">01<\/span><\/div><div class=\"arrow-box\"><span class=\"icon-arrow-right\"><\/span><\/div><img src=\"http:\/\/www.aderansmimarlik.com\/wp-content\/uploads\/2020\/08\/restoran-1.jpg\" alt=\"Restoran\"><\/div><div class=\"content-box-info\"><h4 class=\"box-heading\">Restoran<\/h4><\/div><\/a><\/div>[\/vc_column][vc_column width=&#8221;1\/4&#8243;]<div class=\"content-box service-item alignment-centered service-box-dark spacing-30\"><a href=\"http:\/\/www.aderansmimarlik.com\/?page_id=9246\"><div class=\"image-container\"><div class=\"vertical-number-box\"><span class=\"vertical-number\">02<\/span><\/div><div class=\"arrow-box\"><span class=\"icon-arrow-right\"><\/span><\/div><img src=\"http:\/\/www.aderansmimarlik.com\/wp-content\/uploads\/2020\/08\/magaza-1.jpg\" alt=\"Ma\u011faza\"><\/div><div class=\"content-box-info\"><h4 class=\"box-heading\">Ma\u011faza<\/h4><\/div><\/a><\/div>[\/vc_column][vc_column width=&#8221;1\/4&#8243;]<div class=\"content-box service-item alignment-centered service-box-dark spacing-30\"><a href=\"http:\/\/www.aderansmimarlik.com\/?page_id=9246\"><div class=\"image-container\"><div class=\"vertical-number-box\"><span class=\"vertical-number\">03<\/span><\/div><div class=\"arrow-box\"><span class=\"icon-arrow-right\"><\/span><\/div><img src=\"http:\/\/www.aderansmimarlik.com\/wp-content\/uploads\/2020\/08\/ofis-1.jpg\" alt=\"Ofis\"><\/div><div class=\"content-box-info\"><h4 class=\"box-heading\">Ofis<\/h4><\/div><\/a><\/div>[\/vc_column][vc_column width=&#8221;1\/4&#8243;]<div class=\"content-box service-item alignment-centered service-box-dark spacing-30\"><a href=\"http:\/\/www.aderansmimarlik.com\/?page_id=9246\"><div class=\"image-container\"><div class=\"vertical-number-box\"><span class=\"vertical-number\">04<\/span><\/div><div class=\"arrow-box\"><span class=\"icon-arrow-right\"><\/span><\/div><img src=\"http:\/\/www.aderansmimarlik.com\/wp-content\/uploads\/2020\/08\/banka.jpg\" alt=\"Banka\"><\/div><div class=\"content-box-info\"><h4 class=\"box-heading\">Banka<\/h4><\/div><\/a><\/div>[\/vc_column][\/vc_row]<\/p>\n","protected":false},"excerpt":{"rendered":"<p>[vc_row gap=&#8221;15&#8243; css=&#8221;.vc_custom_1536842181479{margin-bottom: 80px !important;}&#8221;][vc_column width=&#8221;1\/3&#8243;][vc_column_text] Yapabilecekleriniz hayallerinizle s\u0131n\u0131rl\u0131. [\/vc_column_text][\/vc_column][vc_column width=&#8221;1\/3&#8243;][vc_column_text]2011 y\u0131l\u0131nda \u00d6mer Saltuk TOKSOY ve Alper AKCAN\u00a0taraf\u0131ndan kurulan Aderans Mimarl\u0131k,\u00a0in\u015faat, tasar\u0131m ve uygulama alanlar\u0131nda tecr\u00fcbemizi birle\u015ftirerek ortaya \u00e7\u0131kard\u0131\u011f\u0131m\u0131z bir isimdir. Marka kavram\u0131n\u0131 ve tasar\u0131mlar\u0131nda marka yaratmay\u0131 hedefleyen; m\u00fc\u015fterilerinin vizyonunu benimseyip en uykun yarat\u0131c\u0131 \u00e7\u00f6z\u00fcmleriyle sunum yapan dinamik\u00a0 bir ekipten olu\u015fmaktad\u0131r. [\/vc_column_text][\/vc_column][vc_column width=&#8221;1\/3&#8243;][vc_column_text]Aderans Mimarl\u0131k i\u00e7in [&hellip;]<\/p>\n","protected":false},"author":1,"featured_media":0,"parent":0,"menu_order":0,"comment_status":"closed","ping_status":"closed","template":"","meta":[],"_links":{"self":[{"href":"http:\/\/www.aderansmimarlik.com\/index.php?rest_route=\/wp\/v2\/pages\/13102"}],"collection":[{"href":"http:\/\/www.aderansmimarlik.com\/index.php?rest_route=\/wp\/v2\/pages"}],"about":[{"href":"http:\/\/www.aderansmimarlik.com\/index.php?rest_route=\/wp\/v2\/types\/page"}],"author":[{"embeddable":true,"href":"http:\/\/www.aderansmimarlik.com\/index.php?rest_route=\/wp\/v2\/users\/1"}],"replies":[{"embeddable":true,"href":"http:\/\/www.aderansmimarlik.com\/index.php?rest_route=%2Fwp%2Fv2%2Fcomments&post=13102"}],"version-history":[{"count":31,"href":"http:\/\/www.aderansmimarlik.com\/index.php?rest_route=\/wp\/v2\/pages\/13102\/revisions"}],"predecessor-version":[{"id":13817,"href":"http:\/\/www.aderansmimarlik.com\/index.php?rest_route=\/wp\/v2\/pages\/13102\/revisions\/13817"}],"wp:attachment":[{"href":"http:\/\/www.aderansmimarlik.com\/index.php?rest_route=%2Fwp%2Fv2%2Fmedia&parent=13102"}],"curies":[{"name":"wp","href":"https:\/\/api.w.org\/{rel}","templated":true}]}}