{"id":13084,"date":"2018-10-02T12:51:00","date_gmt":"2018-10-02T12:51:00","guid":{"rendered":"https:\/\/themicart.com\/interico-wpb\/?page_id=13084"},"modified":"2020-08-31T11:50:46","modified_gmt":"2020-08-31T11:50:46","slug":"lighting-installation-v3-dark","status":"publish","type":"page","link":"http:\/\/www.aderansmimarlik.com\/?page_id=13084","title":{"rendered":"Hizmetlerimiz"},"content":{"rendered":"<p>[vc_row css=&#8221;.vc_custom_1537429109529{margin-bottom: 80px !important;}&#8221;][vc_column width=&#8221;1\/2&#8243;][vc_media_grid element_width=&#8221;6&#8243; grid_id=&#8221;vc_gid:1598874529206-791c1ad9-6fec-10&#8243; include=&#8221;13533,13534,13535,13536&#8243;][\/vc_column][vc_column width=&#8221;1\/2&#8243; css=&#8221;.vc_custom_1536840396834{padding-top: 20px !important;}&#8221;]<span class=\"subtitle dash-true style-dark text-default\">Aderans Mimarl\u0131k<\/span>[vc_column_text]<\/p>\n<h2>Tasar\u0131m, Proje ve Uygulama \u00c7\u00f6z\u00fcmleri<\/h2>\n<p>[\/vc_column_text][vc_column_text]Lorem ipsum dolor sit amet, consectetuer adipiscing elit. Phasellus hendrerit. Pellentesque aliquet nibh nec urna. In nisi neque, aliquet vel, dapibus id, mattis vel, nisi. Sed pretium, ligula sollicitudin laoreet viverra, tortor libero sodales leo, eget blandit nunc tortor eu nibh. Nullam mollis.<\/p>\n<ul>\n<li class=\"siteorigin-widget-tinymce textwidget\">Suspendisse potenti. Sed pretium<\/li>\n<li>ligula sollicitudin laoreet viverra, tortor<\/li>\n<li>libero sodales leo, eget blandit nunc<\/li>\n<li>tortor eu nibh. Nullam mollis. Ut justo. Suspendisse potenti.<\/li>\n<\/ul>\n<p>Lorem ipsum dolor sit amet, consectetuer adipiscing elit. Phasellus hendrerit. Pellentesque aliquet nibh nec urna. In nisi neque, aliquet vel, dapibus id, mattis vel, nisi. Sed pretium, ligula sollicitudin laoreet viverra, tortor libero sodales leo, eget blandit nunc tortor eu nibh. Nullam mollis. Ut justo.<\/p>\n<p>Suspendisse potenti. Sed pretium, ligula sollicitudin laoreet viverra, tortor libero sodales leo, eget blandit nunc tortor eu nibh. Nullam mollis. Ut justo. Suspendisse potenti.[\/vc_column_text][\/vc_column][\/vc_row][vc_row full_width=&#8221;stretch_row&#8221; css=&#8221;.vc_custom_1538484693945{background: #292929 url(https:\/\/themicart.com\/interico-wpb\/wp-content\/uploads\/2018\/10\/vertical-grid-5.png?id=12972) !important;background-position: 0 0 !important;background-repeat: repeat !important;}&#8221; el_class=&#8221;spaced&#8221;][vc_column width=&#8221;1\/2&#8243;]<span class=\"subtitle dash-true style-dark text-default\">Tasar\u0131m, Proje ve Uygulama<\/span>[vc_column_text el_class=&#8221;animate&#8221;]<\/p>\n<h2>Farkl\u0131 mekan t\u00fcrlerine \u00f6zg\u00fc tasar\u0131m hizmeti ile markan\u0131za en uygun sonuca ula\u015f\u0131n.<\/h2>\n<p>[\/vc_column_text][vc_column_text]Lorem ipsum dolor sit amet, consectetuer adipiscing elit. Phasellus hendrerit. Pellentesque aliquet nibh nec urna. In nisi neque, aliquet vel, dapibus id, mattis vel, nisi. Sed pretium, ligula sollicitudin laoreet viverra, tortor libero sodales leo, eget blandit nunc tortor eu nibh.[\/vc_column_text][\/vc_column][vc_column width=&#8221;1\/2&#8243;][vc_column_text]<div class=\"panel-group dark\" id=\"accordion-0\"><div class=\"panel\"><div class=\"panel-heading\"><h3 class=\"panel-title\"><a class=\"accordion-toggle in\" data-toggle=\"collapse\" data-parent=\"#accordion-0\" href=\"#collapse_0_Restoran-Projeleri\">Restoran Projeleri<\/a><\/h3><\/div><div id=\"collapse_0_Restoran-Projeleri\" class=\"panel-collapse collapse in\"><div class=\"panel-body\">We put major emphasis in this phase and we treat it as one pf the most important parts of any project.\n<p>Our experienced engineers will help you avoid any possible obstacles and provide with detailed solutions on the technologies to be used, materials and important decisions in different situations.<br \/>\n<\/p> <\/div><\/div><\/div><div class=\"panel\"><div class=\"panel-heading\"><h3 class=\"panel-title\"><a class=\"accordion-toggle \" data-toggle=\"collapse\" data-parent=\"#accordion-0\" href=\"#collapse_1_Magaza-Projeleri\">Ma\u011faza Projeleri<\/a><\/h3><\/div><div id=\"collapse_1_Magaza-Projeleri\" class=\"panel-collapse collapse \"><div class=\"panel-body\">We put major emphasis in this phase and we treat it as one pf the most important parts of any project.\n<p>Our experienced engineers will help you avoid any possible obstacles and provide with detailed solutions on the technologies to be used, materials and important decisions in different situations.<\/p> <\/div><\/div><\/div><div class=\"panel\"><div class=\"panel-heading\"><h3 class=\"panel-title\"><a class=\"accordion-toggle \" data-toggle=\"collapse\" data-parent=\"#accordion-0\" href=\"#collapse_2_Ofis-Projeleri\">Ofis Projeleri<\/a><\/h3><\/div><div id=\"collapse_2_Ofis-Projeleri\" class=\"panel-collapse collapse \"><div class=\"panel-body\">We put major emphasis in this phase and we treat it as one pf the most important parts of any project.\n<p>Our experienced engineers will help you avoid any possible obstacles and provide with detailed solutions on the technologies to be used, materials and important decisions in different situations.<\/p> <\/div><\/div><\/div><div class=\"panel\"><div class=\"panel-heading\"><h3 class=\"panel-title\"><a class=\"accordion-toggle \" data-toggle=\"collapse\" data-parent=\"#accordion-0\" href=\"#collapse_3_Banka-Projeleri\">Banka Projeleri<\/a><\/h3><\/div><div id=\"collapse_3_Banka-Projeleri\" class=\"panel-collapse collapse \"><div class=\"panel-body\">We put major emphasis in this phase and we treat it as one pf the most important parts of any project.\n<p>Our experienced engineers will help you avoid any possible obstacles and provide with detailed solutions on the technologies to be used, materials and important decisions in different situations.<\/p> <\/div><\/div><\/div>\n<p><\/p><\/div>[\/vc_column_text][\/vc_column][\/vc_row][vc_row css=&#8221;.vc_custom_1538477804812{padding-top: 100px !important;padding-bottom: 100px !important;}&#8221;][vc_column][vc_column_text el_class=&#8221;animate&#8221;]<\/p>\n<h2 style=\"text-align: center;\">Fonksiyonel, \u015f\u0131k &amp; <i>modern proje i\u015fleri<\/i><\/h2>\n<p>[\/vc_column_text]<span class=\"subtitle dash-false style-dark text-center\">\u00d6zenle ve profesyonellikle hayallerinizi ger\u00e7e\u011fe d\u00f6n\u00fc\u015ft\u00fcr\u00fcyoruz.<\/span>[vc_row_inner css=&#8221;.vc_custom_1537429194670{margin-top: 60px !important;}&#8221;][vc_column_inner width=&#8221;1\/3&#8243;]<div class=\"feature-box icon-top-centered box-hovered spacing-30 spacing-mob-30 dark\"><span class=\"lnr lnr-pencil\"><\/span><div class=\"content-wrapper\"><h3 class=\"feature-title\">Tasar\u0131m S\u00fcreci<\/h3><\/div><\/div>[\/vc_column_inner][vc_column_inner width=&#8221;1\/3&#8243;]<div class=\"feature-box icon-top-centered box-hovered spacing-30 spacing-mob-30 dark\"><span class=\"lnr lnr-home\"><\/span><div class=\"content-wrapper\"><h3 class=\"feature-title\">Uygulama S\u00fcreci<\/h3><\/div><\/div>[\/vc_column_inner][vc_column_inner width=&#8221;1\/3&#8243;]<div class=\"feature-box icon-top-centered box-hovered spacing-30 spacing-mob-30 dark\"><span class=\"lnr lnr-license\"><\/span><div class=\"content-wrapper\"><h3 class=\"feature-title\">M\u00fc\u015fteri Memnuniyeti<\/h3><\/div><\/div>[\/vc_column_inner][\/vc_row_inner][\/vc_column][\/vc_row][vc_row full_width=&#8221;stretch_row&#8221; css=&#8221;.vc_custom_1598874644044{background: #555555 url(http:\/\/www.aderansmimarlik.com\/wp-content\/uploads\/2020\/08\/image-1.jpg?id=13544) !important;background-position: 0 0 !important;background-repeat: repeat !important;}&#8221; el_class=&#8221;spaced&#8221;][vc_column el_class=&#8221;text-center&#8221;][vc_column_text el_class=&#8221;animate animate-1&#8243;]<\/p>\n<h2 style=\"text-align: center;\"><span style=\"color: #ffffff;\">Sizi misafir etmekten mutluluk duyar\u0131z. Bizi aray\u0131n: +90 212 269 81 37<\/span><\/h2>\n<p>[\/vc_column_text]<a href=\"http:\/\/www.aderansmimarlik.com\/?page_id=13148\" class=\"btn btn-primary arrow-right\"><span>Bizimle \u0130leti\u015fime Ge\u00e7in<\/span><\/a>[\/vc_column][\/vc_row][vc_row css=&#8221;.vc_custom_1534242606416{margin-top: 80px !important;}&#8221;][vc_column el_class=&#8221;animate&#8221;][vc_column_text css=&#8221;.vc_custom_1598874315243{margin-bottom: 0px !important;}&#8221;]<\/p>\n<h2>Tamamlanan Projelerimiz:<\/h2>\n<p>[\/vc_column_text][\/vc_column][\/vc_row][vc_row][vc_column]<div class=\"divider-light\"><\/div>[\/vc_column][\/vc_row][vc_row][vc_column width=&#8221;1\/4&#8243; el_class=&#8221;animate&#8221;]<div class=\"content-box service-item alignment-centered service-box-dark spacing-30\"><a href=\"http:\/\/www.aderansmimarlik.com\/?page_id=13354\"><div class=\"image-container\"><div class=\"vertical-number-box\"><span class=\"vertical-number\">01<\/span><\/div><div class=\"arrow-box\"><span class=\"icon-arrow-right\"><\/span><\/div><img src=\"http:\/\/www.aderansmimarlik.com\/wp-content\/uploads\/2020\/08\/restoran-1.jpg\" alt=\"Restoran\"><\/div><div class=\"content-box-info\"><h4 class=\"box-heading\">Restoran<\/h4><\/div><\/a><\/div>[\/vc_column][vc_column width=&#8221;1\/4&#8243; el_class=&#8221;animate animate-1&#8243;]<div class=\"content-box service-item alignment-centered service-box-dark spacing-30\"><a href=\"http:\/\/www.aderansmimarlik.com\/?page_id=13354\"><div class=\"image-container\"><div class=\"vertical-number-box\"><span class=\"vertical-number\">02<\/span><\/div><div class=\"arrow-box\"><span class=\"icon-arrow-right\"><\/span><\/div><img src=\"http:\/\/www.aderansmimarlik.com\/wp-content\/uploads\/2020\/08\/magaza-1.jpg\" alt=\"Ma\u011faza\"><\/div><div class=\"content-box-info\"><h4 class=\"box-heading\">Ma\u011faza<\/h4><\/div><\/a><\/div>[\/vc_column][vc_column width=&#8221;1\/4&#8243; el_class=&#8221;animate animate-2&#8243;]<div class=\"content-box service-item alignment-centered service-box-dark spacing-30\"><a href=\"http:\/\/www.aderansmimarlik.com\/?page_id=9239\"><div class=\"image-container\"><div class=\"vertical-number-box\"><span class=\"vertical-number\">03<\/span><\/div><div class=\"arrow-box\"><span class=\"icon-arrow-right\"><\/span><\/div><img src=\"http:\/\/www.aderansmimarlik.com\/wp-content\/uploads\/2020\/08\/ofis-1.jpg\" alt=\"Ofis\"><\/div><div class=\"content-box-info\"><h4 class=\"box-heading\">Ofis<\/h4><\/div><\/a><\/div>[\/vc_column][vc_column width=&#8221;1\/4&#8243; el_class=&#8221;animate animate-3&#8243;]<div class=\"content-box service-item alignment-centered service-box-dark spacing-30\"><a href=\"http:\/\/www.aderansmimarlik.com\/?page_id=13354\"><div class=\"image-container\"><div class=\"vertical-number-box\"><span class=\"vertical-number\">04<\/span><\/div><div class=\"arrow-box\"><span class=\"icon-arrow-right\"><\/span><\/div><img src=\"http:\/\/www.aderansmimarlik.com\/wp-content\/uploads\/2020\/08\/banka.jpg\" alt=\"Banka\"><\/div><div class=\"content-box-info\"><h4 class=\"box-heading\">Banka<\/h4><\/div><\/a><\/div>[\/vc_column][\/vc_row]<\/p>\n","protected":false},"excerpt":{"rendered":"<p>[vc_row css=&#8221;.vc_custom_1537429109529{margin-bottom: 80px !important;}&#8221;][vc_column width=&#8221;1\/2&#8243;][vc_media_grid element_width=&#8221;6&#8243; grid_id=&#8221;vc_gid:1598874529206-791c1ad9-6fec-10&#8243; include=&#8221;13533,13534,13535,13536&#8243;][\/vc_column][vc_column width=&#8221;1\/2&#8243; css=&#8221;.vc_custom_1536840396834{padding-top: 20px !important;}&#8221;][vc_column_text] Tasar\u0131m, Proje ve Uygulama \u00c7\u00f6z\u00fcmleri [\/vc_column_text][vc_column_text]Lorem ipsum dolor sit amet, consectetuer adipiscing elit. Phasellus hendrerit. Pellentesque aliquet nibh nec urna. In nisi neque, aliquet vel, dapibus id, mattis vel, nisi. Sed pretium, ligula sollicitudin laoreet viverra, tortor libero sodales leo, eget blandit nunc [&hellip;]<\/p>\n","protected":false},"author":1,"featured_media":0,"parent":0,"menu_order":0,"comment_status":"closed","ping_status":"closed","template":"","meta":[],"_links":{"self":[{"href":"http:\/\/www.aderansmimarlik.com\/index.php?rest_route=\/wp\/v2\/pages\/13084"}],"collection":[{"href":"http:\/\/www.aderansmimarlik.com\/index.php?rest_route=\/wp\/v2\/pages"}],"about":[{"href":"http:\/\/www.aderansmimarlik.com\/index.php?rest_route=\/wp\/v2\/types\/page"}],"author":[{"embeddable":true,"href":"http:\/\/www.aderansmimarlik.com\/index.php?rest_route=\/wp\/v2\/users\/1"}],"replies":[{"embeddable":true,"href":"http:\/\/www.aderansmimarlik.com\/index.php?rest_route=%2Fwp%2Fv2%2Fcomments&post=13084"}],"version-history":[{"count":11,"href":"http:\/\/www.aderansmimarlik.com\/index.php?rest_route=\/wp\/v2\/pages\/13084\/revisions"}],"predecessor-version":[{"id":13545,"href":"http:\/\/www.aderansmimarlik.com\/index.php?rest_route=\/wp\/v2\/pages\/13084\/revisions\/13545"}],"wp:attachment":[{"href":"http:\/\/www.aderansmimarlik.com\/index.php?rest_route=%2Fwp%2Fv2%2Fmedia&parent=13084"}],"curies":[{"name":"wp","href":"https:\/\/api.w.org\/{rel}","templated":true}]}}